{"id":595,"date":"2014-11-17T19:50:23","date_gmt":"2014-11-17T17:50:23","guid":{"rendered":"http:\/\/www.andreas-tollhopf.de\/?page_id=595"},"modified":"2020-08-25T14:38:22","modified_gmt":"2020-08-25T12:38:22","slug":"heilbronner-koepfe","status":"publish","type":"page","link":"https:\/\/tollhopf-architekt.de\/?page_id=595","title":{"rendered":"Heilbronner K\u00f6pfe"},"content":{"rendered":"<div  class='flex_column av-av_one_full-2a9015ff38129c418a3f2eafba3e9512 av_one_full  avia-builder-el-0  el_before_av_one_full  avia-builder-el-first  first flex_column_div  '     ><div id='av-masonry-1' class='av-masonry av-av_masonry_gallery-9ef8f35a1b866a8341e997dc432bccdf noHover av-fixed-size av-no-gap av-hover-overlay-active av-masonry-animation-active av-masonry-col-6 av-caption-always av-caption-style- av-masonry-gallery ' data-post_id=\"595\"><div class=\"av-masonry-container isotope av-js-disabled\"><div class='av-masonry-entry isotope-item av-masonry-item-no-image '><\/div><a href=\"https:\/\/tollhopf-architekt.de\/wp-content\/uploads\/2014\/11\/heilbronn_kopf-556x1030.jpg\" data-srcset=\"https:\/\/tollhopf-architekt.de\/wp-content\/uploads\/2014\/11\/heilbronn_kopf-556x1030.jpg 556w, https:\/\/tollhopf-architekt.de\/wp-content\/uploads\/2014\/11\/heilbronn_kopf-380x705.jpg 380w, https:\/\/tollhopf-architekt.de\/wp-content\/uploads\/2014\/11\/heilbronn_kopf-450x833.jpg 450w, https:\/\/tollhopf-architekt.de\/wp-content\/uploads\/2014\/11\/heilbronn_kopf.jpg 583w\" data-sizes=\"(max-width: 556px) 100vw, 556px\"  aria-label=\"Bild heilbronn_kopf\"  id='av-masonry-1-item-596' data-av-masonry-item='596' class='av-masonry-entry isotope-item post-596 attachment type-attachment status-inherit hentry  av-masonry-item-with-image' title=\"heilbronn_kopf\" alt=\"\"    itemprop=\"thumbnailUrl\" ><div class='av-inner-masonry-sizer'><\/div><figure class='av-inner-masonry main_color'><div class=\"av-masonry-outerimage-container\"><div class='av-masonry-image-container' style=\"background-image: url(https:\/\/tollhopf-architekt.de\/wp-content\/uploads\/2014\/11\/heilbronn_kopf-380x705.jpg);\"  title=\"heilbronn_kopf\" ><\/div><\/div><\/figure><\/a><!--end av-masonry entry--><a href=\"https:\/\/tollhopf-architekt.de\/wp-content\/uploads\/2014\/11\/heilbronn_koepfe_ganz-1030x775.jpg\" data-srcset=\"https:\/\/tollhopf-architekt.de\/wp-content\/uploads\/2014\/11\/heilbronn_koepfe_ganz-1030x775.jpg 1030w, https:\/\/tollhopf-architekt.de\/wp-content\/uploads\/2014\/11\/heilbronn_koepfe_ganz-300x225.jpg 300w, https:\/\/tollhopf-architekt.de\/wp-content\/uploads\/2014\/11\/heilbronn_koepfe_ganz-705x530.jpg 705w, https:\/\/tollhopf-architekt.de\/wp-content\/uploads\/2014\/11\/heilbronn_koepfe_ganz-450x338.jpg 450w, https:\/\/tollhopf-architekt.de\/wp-content\/uploads\/2014\/11\/heilbronn_koepfe_ganz.jpg 1435w\" data-sizes=\"(max-width: 1030px) 100vw, 1030px\"  aria-label=\"Bild heilbronn_koepfe_ganz\"  id='av-masonry-1-item-597' data-av-masonry-item='597' class='av-masonry-entry isotope-item post-597 attachment type-attachment status-inherit hentry  av-masonry-item-with-image' title=\"heilbronn_koepfe_ganz\" alt=\"\"    itemprop=\"thumbnailUrl\" ><div class='av-inner-masonry-sizer'><\/div><figure class='av-inner-masonry main_color'><div class=\"av-masonry-outerimage-container\"><div class='av-masonry-image-container' style=\"background-image: url(https:\/\/tollhopf-architekt.de\/wp-content\/uploads\/2014\/11\/heilbronn_koepfe_ganz-705x530.jpg);\"  title=\"heilbronn_koepfe_ganz\" ><\/div><\/div><\/figure><\/a><!--end av-masonry entry--><\/div><\/div><\/div>\n<div  class='flex_column av-av_one_full-2a9015ff38129c418a3f2eafba3e9512 av_one_full  avia-builder-el-2  el_after_av_one_full  el_before_av_hr  first flex_column_div  column-top-margin'     ><section  class='av_textblock_section av-av_textblock-0366cc7376be6c9e82a3e9cc8987b64f '   itemscope=\"itemscope\" itemtype=\"https:\/\/schema.org\/CreativeWork\" ><div class='avia_textblock'  itemprop=\"text\" ><p><strong>Heilbronner K\u00f6pfe<\/strong><\/p>\n<p>Relief &#8222;Heilbronner K\u00f6pfe&#8220;<\/p>\n<p>Logenhaus, Heilbronn<\/p>\n<p>Material:<br \/>\nBronze<\/p>\n<p>Abmessungen:<br \/>\nBreite x H\u00f6he 0,80 m x 0,60 m<\/p>\n<p>Auftraggeber:<br \/>\nDr. Gert Ellenberger,<br \/>\nHeilbronn, Beisef\u00f6rth<\/p>\n<p>2002<\/p>\n<p>Hintergrund:<\/p>\n<p>Heinrich Friedrich F\u00fcger, Georg Heinrich von Ro\u00dfkampff und Otto Heinrich von Gemmingen sind alle drei in Heilbronn geboren, wurden ber\u00fchmt und waren Freimaurer. Herr Dr. Gert Ellenberger hat der 1855 gegr\u00fcndeten Heilbronner Freimaurerloge &#8222;Zum Brunnen des Heils&#8220; die Reliefplatte mit den Konterfeis des Miniatur-, Portr\u00e4t- und Historienmalers F\u00fcger (1751 &#8211; 1818), des Kommunalpolitikers von Ro\u00dfkampff (1720 &#8211; 1794) und des Schriftstellers und Mozart-Freunds von Gemmingen (1755 &#8211; 1836) gestiftet.<\/p>\n<p>Die Reliefplatte ziert den Eingang des Logenhauses in der Moltkestra\u00dfe. Das Relief r\u00fcckt das 18. Jahrhundert, das Jahrhundert der Aufkl\u00e4rung, ins Blickfeld. W\u00e4hrend F\u00fcger, der 1795 Direktor der Wiener Akademie wurde, und von Ro\u00dfkampff l\u00e4ngst ihre W\u00fcrdigung erfahren haben (auch Stra\u00dfen sind nach ihnen benannt), blieb von Gemmingen lange in Vergessenheit.<\/p>\n<p>Schon von Gemmingens erstes Schauspiel &#8222;Die Erbschaft&#8220; kam gut an, aber ber\u00fchmt machte ihn das St\u00fcck &#8222;Der deutsche Hausvater&#8220;, das an fast allen deutschen B\u00fchnen aufgef\u00fchrt wurde. Mit 22 Jahren wurde er in die Kurf\u00fcrstliche Deutsche Gesellschaft aufgenommen, die sich f\u00fcr ein deutsches Nationaltheater einsetzte, das schlie\u00dflich in Mannheim Wirklichkeit wurde. In Mannheim freundete sich von Gemmingen mit Mozart an. Die Freundschaft trug sp\u00e4ter in Wien Fr\u00fcchte: Mozart trat in die dort von Gemmingen gegr\u00fcndete Freimaurerloge ein. Von Gemmingen engagierte sich in Wien als Herausgeber von Zeitschriften, die die Reformen und die liberale Politik von Kaiser Joseph II. unterst\u00fctzten.<\/p>\n<\/div><\/section><\/div>\n<div  class='hr av-av_hr-0ff602b3e980a3377077ff3c1c834df6 hr-default  avia-builder-el-4  el_after_av_one_full  el_before_av_section  avia-builder-el-last '><span class='hr-inner '><span class=\"hr-inner-style\"><\/span><\/span><\/div>\n<\/div><\/div><\/div><!-- close content main div --><\/div><\/div><div id='av_section_1'  class='avia-section av-av_section-d21fdcaeecb69b7efe4eaf10b6112bd0 main_color avia-section-default avia-no-shadow  avia-builder-el-5  el_after_av_hr  avia-builder-el-last  avia-bg-style-scroll container_wrap sidebar_right'  ><div class='container av-section-cont-open' ><div class='template-page content  av-content-small alpha units'><div class='post-entry post-entry-type-page post-entry-595'><div class='entry-content-wrapper clearfix'><\/div><\/div><\/div><!-- close content main div --><\/div><\/div><div id='after_section_1'  class='main_color av_default_container_wrap container_wrap sidebar_right'  ><div class='container av-section-cont-open' ><div class='template-page content  av-content-small alpha units'><div class='post-entry post-entry-type-page post-entry-595'><div class='entry-content-wrapper clearfix'>\n","protected":false},"excerpt":{"rendered":"","protected":false},"author":4,"featured_media":0,"parent":575,"menu_order":4,"comment_status":"open","ping_status":"closed","template":"","meta":{"footnotes":""},"class_list":["post-595","page","type-page","status-publish","hentry"],"_links":{"self":[{"href":"https:\/\/tollhopf-architekt.de\/index.php?rest_route=\/wp\/v2\/pages\/595","targetHints":{"allow":["GET"]}}],"collection":[{"href":"https:\/\/tollhopf-architekt.de\/index.php?rest_route=\/wp\/v2\/pages"}],"about":[{"href":"https:\/\/tollhopf-architekt.de\/index.php?rest_route=\/wp\/v2\/types\/page"}],"author":[{"embeddable":true,"href":"https:\/\/tollhopf-architekt.de\/index.php?rest_route=\/wp\/v2\/users\/4"}],"replies":[{"embeddable":true,"href":"https:\/\/tollhopf-architekt.de\/index.php?rest_route=%2Fwp%2Fv2%2Fcomments&post=595"}],"version-history":[{"count":3,"href":"https:\/\/tollhopf-architekt.de\/index.php?rest_route=\/wp\/v2\/pages\/595\/revisions"}],"predecessor-version":[{"id":2748,"href":"https:\/\/tollhopf-architekt.de\/index.php?rest_route=\/wp\/v2\/pages\/595\/revisions\/2748"}],"up":[{"embeddable":true,"href":"https:\/\/tollhopf-architekt.de\/index.php?rest_route=\/wp\/v2\/pages\/575"}],"wp:attachment":[{"href":"https:\/\/tollhopf-architekt.de\/index.php?rest_route=%2Fwp%2Fv2%2Fmedia&parent=595"}],"curies":[{"name":"wp","href":"https:\/\/api.w.org\/{rel}","templated":true}]}}